{"id":806,"date":"2021-05-18T12:59:18","date_gmt":"2021-05-18T10:59:18","guid":{"rendered":"https:\/\/fabeon.fr\/contact\/"},"modified":"2026-04-09T16:02:11","modified_gmt":"2026-04-09T14:02:11","slug":"contact","status":"publish","type":"page","link":"https:\/\/fabeon.fr\/en\/contact\/","title":{"rendered":"Contact"},"content":{"rendered":"\n<figure class=\"wp-block-image size-large\"><img decoding=\"async\" width=\"1024\" height=\"213\" src=\"https:\/\/fabeon.fr\/wp-content\/uploads\/2026\/03\/Formation-1200x800-1-1-1024x213.png\" alt=\"\" class=\"wp-image-7224\" srcset=\"https:\/\/fabeon.fr\/wp-content\/uploads\/2026\/03\/Formation-1200x800-1-1-1024x213.png 1024w, https:\/\/fabeon.fr\/wp-content\/uploads\/2026\/03\/Formation-1200x800-1-1-300x63.png 300w, https:\/\/fabeon.fr\/wp-content\/uploads\/2026\/03\/Formation-1200x800-1-1-768x160.png 768w, https:\/\/fabeon.fr\/wp-content\/uploads\/2026\/03\/Formation-1200x800-1-1-1536x320.png 1536w, https:\/\/fabeon.fr\/wp-content\/uploads\/2026\/03\/Formation-1200x800-1-1.png 1920w\" sizes=\"(max-width: 1024px) 100vw, 1024px\" \/><\/figure>\n<div class=\"inherit-container-width wp-block-group alignfull has-ast-global-color-0-background-color has-background is-layout-constrained wp-block-group-is-layout-constrained\"><div class=\"wp-block-group__inner-container\">\n<h1 class=\"wp-block-heading has-white-color has-text-color has-large-font-size\">ECRIVEZ-NOUS, l&#8217;\u00e9quipe de Fab\u00e9on vous r\u00e9pond au plus vite ! <\/h1>\n\n\n\n<div class=\"wp-block-columns are-vertically-aligned-top is-layout-flex wp-container-core-columns-is-layout-28f84493 wp-block-columns-is-layout-flex\">\n<div class=\"wp-block-column is-vertically-aligned-top is-layout-flow wp-block-column-is-layout-flow\">\n<h6 class=\"wp-block-heading has-ast-global-color-5-color has-text-color\"><\/h6>\n\n\n\nhttps:\/\/fabeon.notion.site\/1acad1912abe8103b3afd76193ec3af5\n<\/div>\n\n\n\n<div class=\"wp-block-column is-vertically-aligned-top is-layout-flow wp-block-column-is-layout-flow\">\n<h6 class=\"wp-block-heading has-white-color has-text-color\"><\/h6>\n\n\n\n<p class=\"has-white-color has-text-color\"><\/p>\n<\/div>\n<\/div>\n<\/div><\/div>\n\n<div class=\"wp-block-group is-vertical is-layout-flex wp-container-core-group-is-layout-fe9cc265 wp-block-group-is-layout-flex\">\n<p class=\"has-ast-global-color-4-color has-ast-global-color-8-background-color has-text-color has-background has-link-color has-large-font-size wp-elements-63e4833c19d6a6251f35cad03dd2c06b\" style=\"padding-top:0;padding-right:0;padding-bottom:0;padding-left:0;font-style:normal;font-weight:700\"> FAB\u00c9ON est ouvert du LUNDI AU VENDREDI <\/p>\n\n\n\n<div class=\"wp-block-group is-nowrap is-layout-flex wp-container-core-group-is-layout-6c531013 wp-block-group-is-layout-flex\">\n<p class=\"has-medium-font-size\" style=\"font-style:normal;font-weight:700\">de 9h \u00e0 17h<\/p>\n\n\n\n<p class=\"has-medium-font-size\" style=\"font-style:normal;font-weight:700\"><\/p>\n<\/div>\n\n\n\n<p class=\"has-medium-font-size\" style=\"font-style:normal;font-weight:700\">0<a class=\"\" href=\"tel:+33388364053\">3.67.15.59.01<\/a><\/p>\n\n\n\n<p class=\"has-medium-font-size\"><strong>80 rue TOBIAS STIMMER<\/strong>, <strong>67400 ILLKIRCH-GRAFFENSTADEN<\/strong><\/p>\n\n\n\n<p class=\"has-medium-font-size\"><strong>Acc\u00e8s :<\/strong> <strong>TRAM E  &gt; Arr\u00eat CAMPUS ILLKIRCH<\/strong> ou <strong>TRAM A  &gt; Arr\u00eat CAMPUS ILLKIRCH<\/strong> + BUS <strong>&gt; Arr\u00eat TOBIAS STIMMER<\/strong><\/p>\n\n\n\n<p class=\"has-medium-font-size\" style=\"font-style:normal;font-weight:700\"><\/p>\n<\/div>\n\n<p><\/p>\n","protected":false},"excerpt":{"rendered":"<p>ECRIVEZ-NOUS, l&#8217;\u00e9quipe de Fab\u00e9on vous r\u00e9pond au plus vite ! https:\/\/fabeon.notion.site\/1acad1912abe8103b3afd76193ec3af5 FAB\u00c9ON est ouvert du LUNDI AU VENDREDI de 9h \u00e0 17h 03.67.15.59.01 80 rue TOBIAS STIMMER, 67400 ILLKIRCH-GRAFFENSTADEN Acc\u00e8s : TRAM E &gt; Arr\u00eat CAMPUS ILLKIRCH ou TRAM A &gt; Arr\u00eat CAMPUS ILLKIRCH + BUS &gt; Arr\u00eat TOBIAS STIMMER<\/p>\n","protected":false},"author":1,"featured_media":0,"parent":0,"menu_order":7,"comment_status":"closed","ping_status":"closed","template":"","meta":{"_uag_custom_page_level_css":"","site-sidebar-layout":"no-sidebar","site-content-layout":"plain-container","ast-global-header-display":"","ast-banner-title-visibility":"","ast-main-header-display":"","ast-hfb-above-header-display":"","ast-hfb-below-header-display":"","ast-hfb-mobile-header-display":"","site-post-title":"disabled","ast-breadcrumbs-content":"","ast-featured-img":"","footer-sml-layout":"","theme-transparent-header-meta":"default","adv-header-id-meta":"","stick-header-meta":"","header-above-stick-meta":"","header-main-stick-meta":"","header-below-stick-meta":"","footnotes":""},"class_list":["post-806","page","type-page","status-publish","hentry"],"yoast_head":"<!-- This site is optimized with the Yoast SEO plugin v27.3 - https:\/\/yoast.com\/product\/yoast-seo-wordpress\/ -->\n<title>Contact Fab\u00e9on<\/title>\n<meta name=\"robots\" content=\"index, follow, max-snippet:-1, max-image-preview:large, max-video-preview:-1\" \/>\n<link rel=\"canonical\" href=\"https:\/\/fabeon.fr\/en\/contact\/\" \/>\n<meta property=\"og:locale\" content=\"en_US\" \/>\n<meta property=\"og:type\" content=\"article\" \/>\n<meta property=\"og:title\" content=\"Contact Fab\u00e9on\" \/>\n<meta property=\"og:description\" content=\"ECRIVEZ-NOUS, l&#8217;\u00e9quipe de Fab\u00e9on vous r\u00e9pond au plus vite ! https:\/\/fabeon.notion.site\/1acad1912abe8103b3afd76193ec3af5 FAB\u00c9ON est ouvert du LUNDI AU VENDREDI de 9h \u00e0 17h 03.67.15.59.01 80 rue TOBIAS STIMMER, 67400 ILLKIRCH-GRAFFENSTADEN Acc\u00e8s : TRAM E &gt; Arr\u00eat CAMPUS ILLKIRCH ou TRAM A &gt; Arr\u00eat CAMPUS ILLKIRCH + BUS &gt; Arr\u00eat TOBIAS STIMMER\" \/>\n<meta property=\"og:url\" content=\"https:\/\/fabeon.fr\/en\/contact\/\" \/>\n<meta property=\"og:site_name\" content=\"Fab\u00e9on\" \/>\n<meta property=\"article:publisher\" content=\"https:\/\/www.facebook.com\/Fabeon-100457082595804\" \/>\n<meta property=\"article:modified_time\" content=\"2026-04-09T14:02:11+00:00\" \/>\n<meta property=\"og:image\" content=\"https:\/\/fabeon.fr\/wp-content\/uploads\/2026\/03\/Formation-1200x800-1-1.png\" \/>\n\t<meta property=\"og:image:width\" content=\"1920\" \/>\n\t<meta property=\"og:image:height\" content=\"400\" \/>\n\t<meta property=\"og:image:type\" content=\"image\/png\" \/>\n<meta name=\"twitter:card\" content=\"summary_large_image\" \/>\n<script type=\"application\/ld+json\" class=\"yoast-schema-graph\">{\"@context\":\"https:\\\/\\\/schema.org\",\"@graph\":[{\"@type\":\"WebPage\",\"@id\":\"https:\\\/\\\/fabeon.fr\\\/en\\\/contact\\\/\",\"url\":\"https:\\\/\\\/fabeon.fr\\\/en\\\/contact\\\/\",\"name\":\"Contact Fab\u00e9on\",\"isPartOf\":{\"@id\":\"https:\\\/\\\/fabeon.fr\\\/en\\\/#website\"},\"primaryImageOfPage\":{\"@id\":\"https:\\\/\\\/fabeon.fr\\\/en\\\/contact\\\/#primaryimage\"},\"image\":{\"@id\":\"https:\\\/\\\/fabeon.fr\\\/en\\\/contact\\\/#primaryimage\"},\"thumbnailUrl\":\"https:\\\/\\\/fabeon.fr\\\/wp-content\\\/uploads\\\/2026\\\/03\\\/Formation-1200x800-1-1-1024x213.png\",\"datePublished\":\"2021-05-18T10:59:18+00:00\",\"dateModified\":\"2026-04-09T14:02:11+00:00\",\"breadcrumb\":{\"@id\":\"https:\\\/\\\/fabeon.fr\\\/en\\\/contact\\\/#breadcrumb\"},\"inLanguage\":\"en-US\",\"potentialAction\":[{\"@type\":\"ReadAction\",\"target\":[\"https:\\\/\\\/fabeon.fr\\\/en\\\/contact\\\/\"]}]},{\"@type\":\"ImageObject\",\"inLanguage\":\"en-US\",\"@id\":\"https:\\\/\\\/fabeon.fr\\\/en\\\/contact\\\/#primaryimage\",\"url\":\"https:\\\/\\\/fabeon.fr\\\/wp-content\\\/uploads\\\/2026\\\/03\\\/Formation-1200x800-1-1-1024x213.png\",\"contentUrl\":\"https:\\\/\\\/fabeon.fr\\\/wp-content\\\/uploads\\\/2026\\\/03\\\/Formation-1200x800-1-1-1024x213.png\"},{\"@type\":\"BreadcrumbList\",\"@id\":\"https:\\\/\\\/fabeon.fr\\\/en\\\/contact\\\/#breadcrumb\",\"itemListElement\":[{\"@type\":\"ListItem\",\"position\":1,\"name\":\"Accueil\",\"item\":\"https:\\\/\\\/fabeon.fr\\\/en\\\/\"},{\"@type\":\"ListItem\",\"position\":2,\"name\":\"Contact\"}]},{\"@type\":\"WebSite\",\"@id\":\"https:\\\/\\\/fabeon.fr\\\/en\\\/#website\",\"url\":\"https:\\\/\\\/fabeon.fr\\\/en\\\/\",\"name\":\"Fab\u00e9on\",\"description\":\"Transformation num\u00e9rique de l\u2019impression\",\"publisher\":{\"@id\":\"https:\\\/\\\/fabeon.fr\\\/en\\\/#organization\"},\"potentialAction\":[{\"@type\":\"SearchAction\",\"target\":{\"@type\":\"EntryPoint\",\"urlTemplate\":\"https:\\\/\\\/fabeon.fr\\\/en\\\/?s={search_term_string}\"},\"query-input\":{\"@type\":\"PropertyValueSpecification\",\"valueRequired\":true,\"valueName\":\"search_term_string\"}}],\"inLanguage\":\"en-US\"},{\"@type\":\"Organization\",\"@id\":\"https:\\\/\\\/fabeon.fr\\\/en\\\/#organization\",\"name\":\"Fab\u00e9on\",\"url\":\"https:\\\/\\\/fabeon.fr\\\/en\\\/\",\"logo\":{\"@type\":\"ImageObject\",\"inLanguage\":\"en-US\",\"@id\":\"https:\\\/\\\/fabeon.fr\\\/en\\\/#\\\/schema\\\/logo\\\/image\\\/\",\"url\":\"https:\\\/\\\/fabeon.fr\\\/wp-content\\\/uploads\\\/2023\\\/05\\\/Capture-decran-2023-05-19-a-13.40.50.png\",\"contentUrl\":\"https:\\\/\\\/fabeon.fr\\\/wp-content\\\/uploads\\\/2023\\\/05\\\/Capture-decran-2023-05-19-a-13.40.50.png\",\"width\":626,\"height\":860,\"caption\":\"Fab\u00e9on\"},\"image\":{\"@id\":\"https:\\\/\\\/fabeon.fr\\\/en\\\/#\\\/schema\\\/logo\\\/image\\\/\"},\"sameAs\":[\"https:\\\/\\\/www.facebook.com\\\/Fabeon-100457082595804\",\"https:\\\/\\\/www.linkedin.com\\\/company\\\/84497353\\\/\"]}]}<\/script>\n<!-- \/ Yoast SEO plugin. -->","yoast_head_json":{"title":"Contact Fab\u00e9on","robots":{"index":"index","follow":"follow","max-snippet":"max-snippet:-1","max-image-preview":"max-image-preview:large","max-video-preview":"max-video-preview:-1"},"canonical":"https:\/\/fabeon.fr\/en\/contact\/","og_locale":"en_US","og_type":"article","og_title":"Contact Fab\u00e9on","og_description":"ECRIVEZ-NOUS, l&#8217;\u00e9quipe de Fab\u00e9on vous r\u00e9pond au plus vite ! https:\/\/fabeon.notion.site\/1acad1912abe8103b3afd76193ec3af5 FAB\u00c9ON est ouvert du LUNDI AU VENDREDI de 9h \u00e0 17h 03.67.15.59.01 80 rue TOBIAS STIMMER, 67400 ILLKIRCH-GRAFFENSTADEN Acc\u00e8s : TRAM E &gt; Arr\u00eat CAMPUS ILLKIRCH ou TRAM A &gt; Arr\u00eat CAMPUS ILLKIRCH + BUS &gt; Arr\u00eat TOBIAS STIMMER","og_url":"https:\/\/fabeon.fr\/en\/contact\/","og_site_name":"Fab\u00e9on","article_publisher":"https:\/\/www.facebook.com\/Fabeon-100457082595804","article_modified_time":"2026-04-09T14:02:11+00:00","og_image":[{"width":1920,"height":400,"url":"https:\/\/fabeon.fr\/wp-content\/uploads\/2026\/03\/Formation-1200x800-1-1.png","type":"image\/png"}],"twitter_card":"summary_large_image","schema":{"@context":"https:\/\/schema.org","@graph":[{"@type":"WebPage","@id":"https:\/\/fabeon.fr\/en\/contact\/","url":"https:\/\/fabeon.fr\/en\/contact\/","name":"Contact Fab\u00e9on","isPartOf":{"@id":"https:\/\/fabeon.fr\/en\/#website"},"primaryImageOfPage":{"@id":"https:\/\/fabeon.fr\/en\/contact\/#primaryimage"},"image":{"@id":"https:\/\/fabeon.fr\/en\/contact\/#primaryimage"},"thumbnailUrl":"https:\/\/fabeon.fr\/wp-content\/uploads\/2026\/03\/Formation-1200x800-1-1-1024x213.png","datePublished":"2021-05-18T10:59:18+00:00","dateModified":"2026-04-09T14:02:11+00:00","breadcrumb":{"@id":"https:\/\/fabeon.fr\/en\/contact\/#breadcrumb"},"inLanguage":"en-US","potentialAction":[{"@type":"ReadAction","target":["https:\/\/fabeon.fr\/en\/contact\/"]}]},{"@type":"ImageObject","inLanguage":"en-US","@id":"https:\/\/fabeon.fr\/en\/contact\/#primaryimage","url":"https:\/\/fabeon.fr\/wp-content\/uploads\/2026\/03\/Formation-1200x800-1-1-1024x213.png","contentUrl":"https:\/\/fabeon.fr\/wp-content\/uploads\/2026\/03\/Formation-1200x800-1-1-1024x213.png"},{"@type":"BreadcrumbList","@id":"https:\/\/fabeon.fr\/en\/contact\/#breadcrumb","itemListElement":[{"@type":"ListItem","position":1,"name":"Accueil","item":"https:\/\/fabeon.fr\/en\/"},{"@type":"ListItem","position":2,"name":"Contact"}]},{"@type":"WebSite","@id":"https:\/\/fabeon.fr\/en\/#website","url":"https:\/\/fabeon.fr\/en\/","name":"Fab\u00e9on","description":"Transformation num\u00e9rique de l\u2019impression","publisher":{"@id":"https:\/\/fabeon.fr\/en\/#organization"},"potentialAction":[{"@type":"SearchAction","target":{"@type":"EntryPoint","urlTemplate":"https:\/\/fabeon.fr\/en\/?s={search_term_string}"},"query-input":{"@type":"PropertyValueSpecification","valueRequired":true,"valueName":"search_term_string"}}],"inLanguage":"en-US"},{"@type":"Organization","@id":"https:\/\/fabeon.fr\/en\/#organization","name":"Fab\u00e9on","url":"https:\/\/fabeon.fr\/en\/","logo":{"@type":"ImageObject","inLanguage":"en-US","@id":"https:\/\/fabeon.fr\/en\/#\/schema\/logo\/image\/","url":"https:\/\/fabeon.fr\/wp-content\/uploads\/2023\/05\/Capture-decran-2023-05-19-a-13.40.50.png","contentUrl":"https:\/\/fabeon.fr\/wp-content\/uploads\/2023\/05\/Capture-decran-2023-05-19-a-13.40.50.png","width":626,"height":860,"caption":"Fab\u00e9on"},"image":{"@id":"https:\/\/fabeon.fr\/en\/#\/schema\/logo\/image\/"},"sameAs":["https:\/\/www.facebook.com\/Fabeon-100457082595804","https:\/\/www.linkedin.com\/company\/84497353\/"]}]}},"uagb_featured_image_src":{"full":false,"thumbnail":false,"medium":false,"medium_large":false,"large":false,"1536x1536":false,"2048x2048":false},"uagb_author_info":{"display_name":"Fab\u00e9on","author_link":"https:\/\/fabeon.fr\/en\/author\/adminfab\/"},"uagb_comment_info":0,"uagb_excerpt":"ECRIVEZ-NOUS, l&#8217;\u00e9quipe de Fab\u00e9on vous r\u00e9pond au plus vite ! https:\/\/fabeon.notion.site\/1acad1912abe8103b3afd76193ec3af5 FAB\u00c9ON est ouvert du LUNDI AU VENDREDI de 9h \u00e0 17h 03.67.15.59.01 80 rue TOBIAS STIMMER, 67400 ILLKIRCH-GRAFFENSTADEN Acc\u00e8s : TRAM E &gt; Arr\u00eat CAMPUS ILLKIRCH ou TRAM A &gt; Arr\u00eat CAMPUS ILLKIRCH + BUS &gt; Arr\u00eat TOBIAS STIMMER","_links":{"self":[{"href":"https:\/\/fabeon.fr\/en\/wp-json\/wp\/v2\/pages\/806","targetHints":{"allow":["GET"]}}],"collection":[{"href":"https:\/\/fabeon.fr\/en\/wp-json\/wp\/v2\/pages"}],"about":[{"href":"https:\/\/fabeon.fr\/en\/wp-json\/wp\/v2\/types\/page"}],"author":[{"embeddable":true,"href":"https:\/\/fabeon.fr\/en\/wp-json\/wp\/v2\/users\/1"}],"replies":[{"embeddable":true,"href":"https:\/\/fabeon.fr\/en\/wp-json\/wp\/v2\/comments?post=806"}],"version-history":[{"count":1,"href":"https:\/\/fabeon.fr\/en\/wp-json\/wp\/v2\/pages\/806\/revisions"}],"predecessor-version":[{"id":807,"href":"https:\/\/fabeon.fr\/en\/wp-json\/wp\/v2\/pages\/806\/revisions\/807"}],"wp:attachment":[{"href":"https:\/\/fabeon.fr\/en\/wp-json\/wp\/v2\/media?parent=806"}],"curies":[{"name":"wp","href":"https:\/\/api.w.org\/{rel}","templated":true}]}}