{"id":808,"date":"2021-05-18T11:36:35","date_gmt":"2021-05-18T09:36:35","guid":{"rendered":"https:\/\/fabeon.fr\/home\/"},"modified":"2026-04-09T16:02:11","modified_gmt":"2026-04-09T14:02:11","slug":"home","status":"publish","type":"page","link":"https:\/\/fabeon.fr\/en\/","title":{"rendered":"Home"},"content":{"rendered":"\n<figure class=\"wp-block-image size-large is-resized\"><img decoding=\"async\" width=\"1024\" height=\"373\" src=\"https:\/\/fabeon.fr\/wp-content\/uploads\/2026\/03\/Capture-decran-2026-03-19-a-09.18.05-1024x373.png\" alt=\"\" class=\"wp-image-7271\" style=\"aspect-ratio:2.7453726863431718;object-fit:cover;width:11920px\" srcset=\"https:\/\/fabeon.fr\/wp-content\/uploads\/2026\/03\/Capture-decran-2026-03-19-a-09.18.05-1024x373.png 1024w, https:\/\/fabeon.fr\/wp-content\/uploads\/2026\/03\/Capture-decran-2026-03-19-a-09.18.05-300x109.png 300w, https:\/\/fabeon.fr\/wp-content\/uploads\/2026\/03\/Capture-decran-2026-03-19-a-09.18.05-768x280.png 768w, https:\/\/fabeon.fr\/wp-content\/uploads\/2026\/03\/Capture-decran-2026-03-19-a-09.18.05-1536x560.png 1536w, https:\/\/fabeon.fr\/wp-content\/uploads\/2026\/03\/Capture-decran-2026-03-19-a-09.18.05.png 2018w\" sizes=\"(max-width: 1024px) 100vw, 1024px\" \/><\/figure>\n<div style=\"height:0px\" aria-hidden=\"true\" class=\"wp-block-spacer\"><\/div>\n\n<section class=\"wp-block-uagb-columns uagb-columns__wrap uagb-columns__background-none uagb-columns__stack-mobile uagb-columns__valign- uagb-columns__gap-5 alignfull uagb-block-f8183684 uagb-columns__columns-3 uagb-columns__max_width-theme\"><div class=\"uagb-columns__overlay\"><\/div><div class=\"uagb-columns__inner-wrap uagb-columns__columns-3\">\n<div class=\"wp-block-uagb-column uagb-column__wrap uagb-column__background-color uagb-block-6383214e\"><div class=\"uagb-column__overlay\"><\/div>\n<h1 class=\"wp-block-heading has-text-align-center has-ast-global-color-5-color has-text-color has-background has-link-color wp-elements-18a8ee7c26f11a250c45625375d67119\" style=\"background-color:#3cbde5;font-size:26px;line-height:1.1\">VOUS SOUHAITEZ VOUS FORMER CHEZ FAB\u00c9ON ?<\/h1>\n\n\n\n<p class=\"has-ast-global-color-5-color has-text-color has-link-color wp-elements-c1490037043a8b939eddc7b0549c3ed8\" style=\"padding-top:0;padding-right:var(--wp--preset--spacing--60);padding-bottom:0;padding-left:var(--wp--preset--spacing--60)\">Formations impression num\u00e9rique (colorim\u00e9trie, labeling,&#8230;), impression 3D ou encore Intelligence Artificielle.<br\/>En alternance ou pour vos salari\u00e9s, sur catalogue ou sur mesure. <\/p>\n\n\n\n<p class=\"has-ast-global-color-4-color has-text-color has-link-color wp-elements-1c3c32b8c886e6a3242526bb1e17bf4c\" style=\"padding-right:var(--wp--preset--spacing--60);padding-left:var(--wp--preset--spacing--60)\">D\u00e9veloppez vos comp\u00e9tences et innovez d\u00e8s aujourd\u2019hui !<\/p>\n\n\n\n<div style=\"height:20px\" aria-hidden=\"true\" class=\"wp-block-spacer\"><\/div>\n\n\n\n<div class=\"wp-block-buttons is-content-justification-center is-layout-flex wp-container-core-buttons-is-layout-a89b3969 wp-block-buttons-is-layout-flex\">\n<div class=\"wp-block-button has-custom-width wp-block-button__width-75 is-style-fill\"><a class=\"wp-block-button__link has-ast-global-color-4-color has-ast-global-color-6-background-color has-text-color has-background has-link-color has-text-align-center wp-element-button\" href=\"https:\/\/fabeon.fr\/en\/campus-2\/\">&gt; Le CAMPUS<\/a><\/div>\n<\/div>\n<\/div>\n\n\n\n<div class=\"wp-block-uagb-column uagb-column__wrap uagb-column__background-color uagb-block-591ae60a\"><div class=\"uagb-column__overlay\"><\/div>\n<h4 class=\"wp-block-heading has-text-align-center has-ast-global-color-5-color has-ast-global-color-2-background-color has-text-color has-background has-link-color wp-elements-96f0aa03c0f138b0d825e6820bd7f5e5\" style=\"font-size:26px;line-height:1.1\">CONCRETISER VOTRE PROJET ?<\/h4>\n\n\n\n<p class=\"has-ast-global-color-5-color has-text-color has-link-color wp-elements-13f9e0cec20d028e7be072c9b5f836c0\" style=\"padding-right:var(--wp--preset--spacing--60);padding-left:var(--wp--preset--spacing--60)\">Du concept \u00e0 la concr\u00e9tisation, le Studio Fab\u00e9on accompagne vos projets innovants. Nous combinons conseil, AMO et comp\u00e9tences techniques en impression, IoT, data et IA pour donner vie \u00e0 des solutions sur mesure, innovantes et performantes.<\/p>\n\n\n\n<div style=\"height:20px\" aria-hidden=\"true\" class=\"wp-block-spacer\"><\/div>\n\n\n\n<div class=\"wp-block-buttons is-content-justification-center is-layout-flex wp-container-core-buttons-is-layout-a89b3969 wp-block-buttons-is-layout-flex\">\n<div class=\"wp-block-button has-custom-width wp-block-button__width-75 is-style-fill\"><a class=\"wp-block-button__link has-ast-global-color-7-color has-ast-global-color-8-background-color has-text-color has-background has-link-color wp-element-button\" href=\"https:\/\/fabeon.fr\/en\/incubaor\/\">&gt; Le STUDIO<\/a><\/div>\n<\/div>\n<\/div>\n\n\n\n<div class=\"wp-block-uagb-column uagb-column__wrap uagb-column__background-color uagb-block-34fe50b0\"><div class=\"uagb-column__overlay\"><\/div>\n<h4 class=\"wp-block-heading has-text-align-center has-ast-global-color-5-color has-ast-global-color-0-background-color has-text-color has-background has-link-color wp-elements-38cc864a9c1689d21fd09967348984c6\" style=\"font-size:26px;line-height:1.1\">TRANSFORMEZ, PROTOTYPEZ, TESTEZ !<\/h4>\n\n\n\n<p class=\"has-ast-global-color-5-color has-text-color has-link-color wp-elements-679caaa01009e832076feab94027bc60\" style=\"padding-right:var(--wp--preset--spacing--60);padding-left:var(--wp--preset--spacing--60)\">Testez, exp\u00e9rimentez, imprimez\u2026 Validez la faisabilit\u00e9 et donnez forme \u00e0 vos id\u00e9es ! B\u00e9n\u00e9ficiez de nos conseils sur-mesure, passez du prototype \u00e0 la pr\u00e9-s\u00e9rie, et transformez vos projets en r\u00e9alit\u00e9. Acc\u00e9dez \u00e0 un fablab hors norme pour les r\u00e9aliser vous-m\u00eame !<\/p>\n\n\n\n<div style=\"height:20px\" aria-hidden=\"true\" class=\"wp-block-spacer\"><\/div>\n\n\n\n<p><\/p>\n\n\n\n<div class=\"wp-block-buttons is-content-justification-center is-layout-flex wp-container-core-buttons-is-layout-a89b3969 wp-block-buttons-is-layout-flex\">\n<div class=\"wp-block-button is-style-fill\"><a class=\"wp-block-button__link has-ast-global-color-4-color has-ast-global-color-8-background-color has-text-color has-background has-link-color has-text-align-center wp-element-button\" href=\"https:\/\/fabeon.fr\/en\/micro-factory\/\">&gt; La SMARTFACTORY<\/a><\/div>\n<\/div>\n<\/div>\n<\/div><\/section>\n\n<h2 class=\"wp-block-heading\">FAB\u00c9ON, C&#8217;EST QUOI ? <\/h2>\n\n<p style=\"padding-top:0;padding-right:var(--wp--preset--spacing--50);padding-bottom:0;padding-left:var(--wp--preset--spacing--50)\"><em>Fab\u00e9on r\u00e9unit un campus, un studio et une Smart Factory pour vous offrir une exp\u00e9rience unique. Gr\u00e2ce \u00e0 nos parcours de formation, nos programmes d\u00e9di\u00e9s \u00e0 l\u2019acc\u00e9l\u00e9ration des projets innovants, et notre atelier de prototypage et d\u2019impression, nous vous accompagnons dans la concr\u00e9tisation de vos projets.<\/em><\/p>\n\n<p style=\"padding-top:0;padding-right:var(--wp--preset--spacing--50);padding-bottom:0;padding-left:var(--wp--preset--spacing--50)\"><strong>Apprenants :<\/strong>\u00a0tracez les contours de votre avenir en devenant cr\u00e9ateur de contenu, d\u00e9veloppeur IA ou Technicien en fabrication additive ! <\/p>\n\n<p style=\"padding-top:0;padding-right:var(--wp--preset--spacing--50);padding-bottom:0;padding-left:var(--wp--preset--spacing--50)\"><strong>Industriels :<\/strong>\u00a0transformez votre activit\u00e9 de mani\u00e8re durable et intelligente !<\/p>\n\n<p style=\"padding-top:0;padding-right:var(--wp--preset--spacing--50);padding-bottom:0;padding-left:var(--wp--preset--spacing--50)\"><strong>Startupers :<\/strong>\u00a0acc\u00e9l\u00e9rez votre croissance !<\/p>\n\n<div class=\"wp-block-uagb-image uagb-block-56a6d0cf wp-block-uagb-image--layout-default wp-block-uagb-image--effect-static wp-block-uagb-image--align-none\"><figure class=\"wp-block-uagb-image__figure\"><img decoding=\"async\" srcset=\"https:\/\/fabeon.fr\/wp-content\/uploads\/2026\/03\/@lindsaystachett-unautrepointdevue_FABEON-56-1024x576.jpg \" sizes=\"auto, (max-width: 480px) 150px\" src=\"https:\/\/fabeon.fr\/wp-content\/uploads\/2026\/03\/@lindsaystachett-unautrepointdevue_FABEON-56-1024x576.jpg\" alt=\"\" class=\"uag-image-7491\" width=\"1920\" height=\"776\" title=\"\" loading=\"lazy\"\/><\/figure><\/div>\n\n<div class=\"wp-block-group is-vertical is-layout-flex wp-container-core-group-is-layout-fe9cc265 wp-block-group-is-layout-flex\"><\/div>\n\n<figure class=\"wp-block-image size-large is-resized\"><img decoding=\"async\" width=\"1024\" height=\"213\" src=\"https:\/\/fabeon.fr\/wp-content\/uploads\/2026\/03\/2-1024x213.png\" alt=\"\" class=\"wp-image-7220\" style=\"width:1081px;height:auto\" srcset=\"https:\/\/fabeon.fr\/wp-content\/uploads\/2026\/03\/2-1024x213.png 1024w, https:\/\/fabeon.fr\/wp-content\/uploads\/2026\/03\/2-300x63.png 300w, https:\/\/fabeon.fr\/wp-content\/uploads\/2026\/03\/2-768x160.png 768w, https:\/\/fabeon.fr\/wp-content\/uploads\/2026\/03\/2-1536x320.png 1536w, https:\/\/fabeon.fr\/wp-content\/uploads\/2026\/03\/2.png 1920w\" sizes=\"(max-width: 1024px) 100vw, 1024px\" \/><\/figure>\n<div style=\"height:0px\" aria-hidden=\"true\" class=\"wp-block-spacer\"><\/div>\n\n<div class=\"wp-block-group is-nowrap is-layout-flex wp-container-core-group-is-layout-6c531013 wp-block-group-is-layout-flex\">\n<div class=\"inherit-container-width wp-block-group --no-m is-layout-constrained wp-block-group-is-layout-constrained\"><div class=\"wp-block-group__inner-container\">\n<div class=\"wp-block-query is-layout-flow wp-block-query-is-layout-flow\"><ul class=\"columns-3 wp-block-post-template has-small-font-size is-layout-grid wp-container-core-post-template-is-layout-6d3fbd8f wp-block-post-template-is-layout-grid\"><li class=\"wp-block-post post-790 post type-post status-publish format-standard has-post-thumbnail hentry category-campus-en\">\n<h3 class=\"has-text-align-center wp-block-post-title has-text-color has-ast-global-color-0-color has-large-font-size\"><a href=\"https:\/\/fabeon.fr\/en\/2022\/03\/17\/registration-is-now-open\/\" target=\"_self\" >Registration is now open!<\/a><\/h3>\n<\/li><li class=\"wp-block-post post-796 post type-post status-publish format-standard has-post-thumbnail hentry category-campus-en\">\n<h3 class=\"has-text-align-center wp-block-post-title has-text-color has-ast-global-color-0-color has-large-font-size\"><a href=\"https:\/\/fabeon.fr\/en\/2022\/03\/07\/application-process-is-open\/\" target=\"_self\" >Application process is open<\/a><\/h3>\n<\/li><li class=\"wp-block-post post-820 post type-post status-publish format-standard has-post-thumbnail hentry category-incubator\">\n<h3 class=\"has-text-align-center wp-block-post-title has-text-color has-ast-global-color-0-color has-large-font-size\"><a href=\"https:\/\/fabeon.fr\/en\/2022\/02\/27\/welcome-of-the-first-startups\/\" target=\"_self\" >Welcome of the first startups<\/a><\/h3>\n<\/li><\/ul>\n\n\n<div class=\"wp-block-uagb-image aligncenter uagb-block-bf94ed54 wp-block-uagb-image--layout-default wp-block-uagb-image--effect-static wp-block-uagb-image--align-center\"><figure class=\"wp-block-uagb-image__figure\"><img decoding=\"async\" srcset=\"https:\/\/fabeon.fr\/wp-content\/uploads\/2025\/03\/bannierefin.jpg \" sizes=\"auto, (max-width: 480px) 150px\" src=\"https:\/\/fabeon.fr\/wp-content\/uploads\/2025\/03\/bannierefin.jpg\" alt=\"\" class=\"uag-image-3554\" width=\"1920\" height=\"500\" title=\"\" loading=\"lazy\"\/><\/figure><\/div>\n<\/div>\n\n\n\n<h4 class=\"wp-block-heading\"><\/h4>\n\n\n\n<div class=\"wp-block-uagb-advanced-heading uagb-block-c411438d\"><h2 class=\"uagb-heading-text\"><a href=\"https:\/\/fabeon.notion.site\/1acad1912abe8103b3afd76193ec3af5\">Inscrivez-vous \u00e0 notre newsletter <\/a><\/h2><\/div>\n<\/div><\/div>\n\n\n\n<p><\/p>\n<\/div>\n\n<p><\/p>\n","protected":false},"excerpt":{"rendered":"<p>VOUS SOUHAITEZ VOUS FORMER CHEZ FAB\u00c9ON ? Formations impression num\u00e9rique (colorim\u00e9trie, labeling,&#8230;), impression 3D ou encore Intelligence Artificielle.En alternance ou pour vos salari\u00e9s, sur catalogue ou sur mesure. D\u00e9veloppez vos comp\u00e9tences et innovez d\u00e8s aujourd\u2019hui ! CONCRETISER VOTRE PROJET ? Du concept \u00e0 la concr\u00e9tisation, le Studio Fab\u00e9on accompagne vos projets innovants. Nous combinons conseil, &hellip;<\/p>\n<p class=\"read-more\"> <a class=\"\" href=\"https:\/\/fabeon.fr\/en\/\"> <span class=\"screen-reader-text\">Home<\/span> Read More &raquo;<\/a><\/p>\n","protected":false},"author":1,"featured_media":0,"parent":0,"menu_order":2,"comment_status":"closed","ping_status":"closed","template":"","meta":{"_uag_custom_page_level_css":"","site-sidebar-layout":"no-sidebar","site-content-layout":"plain-container","ast-global-header-display":"","ast-banner-title-visibility":"","ast-main-header-display":"","ast-hfb-above-header-display":"","ast-hfb-below-header-display":"","ast-hfb-mobile-header-display":"","site-post-title":"disabled","ast-breadcrumbs-content":"","ast-featured-img":"disabled","footer-sml-layout":"","theme-transparent-header-meta":"default","adv-header-id-meta":"","stick-header-meta":"","header-above-stick-meta":"","header-main-stick-meta":"","header-below-stick-meta":"","footnotes":""},"class_list":["post-808","page","type-page","status-publish","hentry"],"yoast_head":"<!-- This site is optimized with the Yoast SEO plugin v27.3 - https:\/\/yoast.com\/product\/yoast-seo-wordpress\/ -->\n<title>Fab\u00e9on, an ecosystem to support printing transformation<\/title>\n<meta name=\"description\" content=\"Remove the obstacles through innovation to train for the jobs of tomorrow in the field of digital printing\" \/>\n<meta name=\"robots\" content=\"index, follow, max-snippet:-1, max-image-preview:large, max-video-preview:-1\" \/>\n<link rel=\"canonical\" href=\"https:\/\/fabeon.fr\/en\/\" \/>\n<meta property=\"og:locale\" content=\"en_US\" \/>\n<meta property=\"og:type\" content=\"article\" \/>\n<meta property=\"og:title\" content=\"Fab\u00e9on, an ecosystem to support printing transformation\" \/>\n<meta property=\"og:description\" content=\"Remove the obstacles through innovation to train for the jobs of tomorrow in the field of digital printing\" \/>\n<meta property=\"og:url\" content=\"https:\/\/fabeon.fr\/en\/\" \/>\n<meta property=\"og:site_name\" content=\"Fab\u00e9on\" \/>\n<meta property=\"article:publisher\" content=\"https:\/\/www.facebook.com\/Fabeon-100457082595804\" \/>\n<meta property=\"article:modified_time\" content=\"2026-04-09T14:02:11+00:00\" \/>\n<meta property=\"og:image\" content=\"https:\/\/fabeon.fr\/wp-content\/uploads\/2022\/03\/mika-baumeister-PtabTe6iJ_8-unsplash-1024x684.jpeg\" \/>\n<meta name=\"twitter:card\" content=\"summary_large_image\" \/>\n<meta name=\"twitter:image\" content=\"https:\/\/fabeon.fr\/wp-content\/uploads\/2022\/03\/mika-baumeister-PtabTe6iJ_8-unsplash-1024x684.jpeg\" \/>\n<meta name=\"twitter:label1\" content=\"Est. reading time\" \/>\n\t<meta name=\"twitter:data1\" content=\"1 minute\" \/>\n<script type=\"application\/ld+json\" class=\"yoast-schema-graph\">{\"@context\":\"https:\\\/\\\/schema.org\",\"@graph\":[{\"@type\":\"WebPage\",\"@id\":\"https:\\\/\\\/fabeon.fr\\\/en\\\/\",\"url\":\"https:\\\/\\\/fabeon.fr\\\/en\\\/\",\"name\":\"Fab\u00e9on, an ecosystem to support printing transformation\",\"isPartOf\":{\"@id\":\"https:\\\/\\\/fabeon.fr\\\/en\\\/#website\"},\"primaryImageOfPage\":{\"@id\":\"https:\\\/\\\/fabeon.fr\\\/en\\\/#primaryimage\"},\"image\":{\"@id\":\"https:\\\/\\\/fabeon.fr\\\/en\\\/#primaryimage\"},\"thumbnailUrl\":\"https:\\\/\\\/fabeon.fr\\\/wp-content\\\/uploads\\\/2026\\\/03\\\/Capture-decran-2026-03-19-a-09.18.05-1024x373.png\",\"datePublished\":\"2021-05-18T09:36:35+00:00\",\"dateModified\":\"2026-04-09T14:02:11+00:00\",\"description\":\"Remove the obstacles through innovation to train for the jobs of tomorrow in the field of digital printing\",\"breadcrumb\":{\"@id\":\"https:\\\/\\\/fabeon.fr\\\/en\\\/#breadcrumb\"},\"inLanguage\":\"en-US\",\"potentialAction\":[{\"@type\":\"ReadAction\",\"target\":[\"https:\\\/\\\/fabeon.fr\\\/en\\\/\"]}]},{\"@type\":\"ImageObject\",\"inLanguage\":\"en-US\",\"@id\":\"https:\\\/\\\/fabeon.fr\\\/en\\\/#primaryimage\",\"url\":\"https:\\\/\\\/fabeon.fr\\\/wp-content\\\/uploads\\\/2026\\\/03\\\/Capture-decran-2026-03-19-a-09.18.05-1024x373.png\",\"contentUrl\":\"https:\\\/\\\/fabeon.fr\\\/wp-content\\\/uploads\\\/2026\\\/03\\\/Capture-decran-2026-03-19-a-09.18.05-1024x373.png\"},{\"@type\":\"BreadcrumbList\",\"@id\":\"https:\\\/\\\/fabeon.fr\\\/en\\\/#breadcrumb\",\"itemListElement\":[{\"@type\":\"ListItem\",\"position\":1,\"name\":\"Accueil\",\"item\":\"https:\\\/\\\/fabeon.fr\\\/en\\\/\"},{\"@type\":\"ListItem\",\"position\":2,\"name\":\"Home\"}]},{\"@type\":\"WebSite\",\"@id\":\"https:\\\/\\\/fabeon.fr\\\/en\\\/#website\",\"url\":\"https:\\\/\\\/fabeon.fr\\\/en\\\/\",\"name\":\"Fab\u00e9on\",\"description\":\"Transformation num\u00e9rique de l\u2019impression\",\"publisher\":{\"@id\":\"https:\\\/\\\/fabeon.fr\\\/en\\\/#organization\"},\"potentialAction\":[{\"@type\":\"SearchAction\",\"target\":{\"@type\":\"EntryPoint\",\"urlTemplate\":\"https:\\\/\\\/fabeon.fr\\\/en\\\/?s={search_term_string}\"},\"query-input\":{\"@type\":\"PropertyValueSpecification\",\"valueRequired\":true,\"valueName\":\"search_term_string\"}}],\"inLanguage\":\"en-US\"},{\"@type\":\"Organization\",\"@id\":\"https:\\\/\\\/fabeon.fr\\\/en\\\/#organization\",\"name\":\"Fab\u00e9on\",\"url\":\"https:\\\/\\\/fabeon.fr\\\/en\\\/\",\"logo\":{\"@type\":\"ImageObject\",\"inLanguage\":\"en-US\",\"@id\":\"https:\\\/\\\/fabeon.fr\\\/en\\\/#\\\/schema\\\/logo\\\/image\\\/\",\"url\":\"https:\\\/\\\/fabeon.fr\\\/wp-content\\\/uploads\\\/2023\\\/05\\\/Capture-decran-2023-05-19-a-13.40.50.png\",\"contentUrl\":\"https:\\\/\\\/fabeon.fr\\\/wp-content\\\/uploads\\\/2023\\\/05\\\/Capture-decran-2023-05-19-a-13.40.50.png\",\"width\":626,\"height\":860,\"caption\":\"Fab\u00e9on\"},\"image\":{\"@id\":\"https:\\\/\\\/fabeon.fr\\\/en\\\/#\\\/schema\\\/logo\\\/image\\\/\"},\"sameAs\":[\"https:\\\/\\\/www.facebook.com\\\/Fabeon-100457082595804\",\"https:\\\/\\\/www.linkedin.com\\\/company\\\/84497353\\\/\"]}]}<\/script>\n<!-- \/ Yoast SEO plugin. -->","yoast_head_json":{"title":"Fab\u00e9on, an ecosystem to support printing transformation","description":"Remove the obstacles through innovation to train for the jobs of tomorrow in the field of digital printing","robots":{"index":"index","follow":"follow","max-snippet":"max-snippet:-1","max-image-preview":"max-image-preview:large","max-video-preview":"max-video-preview:-1"},"canonical":"https:\/\/fabeon.fr\/en\/","og_locale":"en_US","og_type":"article","og_title":"Fab\u00e9on, an ecosystem to support printing transformation","og_description":"Remove the obstacles through innovation to train for the jobs of tomorrow in the field of digital printing","og_url":"https:\/\/fabeon.fr\/en\/","og_site_name":"Fab\u00e9on","article_publisher":"https:\/\/www.facebook.com\/Fabeon-100457082595804","article_modified_time":"2026-04-09T14:02:11+00:00","og_image":[{"url":"https:\/\/fabeon.fr\/wp-content\/uploads\/2022\/03\/mika-baumeister-PtabTe6iJ_8-unsplash-1024x684.jpeg","type":"","width":"","height":""}],"twitter_card":"summary_large_image","twitter_image":"https:\/\/fabeon.fr\/wp-content\/uploads\/2022\/03\/mika-baumeister-PtabTe6iJ_8-unsplash-1024x684.jpeg","twitter_misc":{"Est. reading time":"1 minute"},"schema":{"@context":"https:\/\/schema.org","@graph":[{"@type":"WebPage","@id":"https:\/\/fabeon.fr\/en\/","url":"https:\/\/fabeon.fr\/en\/","name":"Fab\u00e9on, an ecosystem to support printing transformation","isPartOf":{"@id":"https:\/\/fabeon.fr\/en\/#website"},"primaryImageOfPage":{"@id":"https:\/\/fabeon.fr\/en\/#primaryimage"},"image":{"@id":"https:\/\/fabeon.fr\/en\/#primaryimage"},"thumbnailUrl":"https:\/\/fabeon.fr\/wp-content\/uploads\/2026\/03\/Capture-decran-2026-03-19-a-09.18.05-1024x373.png","datePublished":"2021-05-18T09:36:35+00:00","dateModified":"2026-04-09T14:02:11+00:00","description":"Remove the obstacles through innovation to train for the jobs of tomorrow in the field of digital printing","breadcrumb":{"@id":"https:\/\/fabeon.fr\/en\/#breadcrumb"},"inLanguage":"en-US","potentialAction":[{"@type":"ReadAction","target":["https:\/\/fabeon.fr\/en\/"]}]},{"@type":"ImageObject","inLanguage":"en-US","@id":"https:\/\/fabeon.fr\/en\/#primaryimage","url":"https:\/\/fabeon.fr\/wp-content\/uploads\/2026\/03\/Capture-decran-2026-03-19-a-09.18.05-1024x373.png","contentUrl":"https:\/\/fabeon.fr\/wp-content\/uploads\/2026\/03\/Capture-decran-2026-03-19-a-09.18.05-1024x373.png"},{"@type":"BreadcrumbList","@id":"https:\/\/fabeon.fr\/en\/#breadcrumb","itemListElement":[{"@type":"ListItem","position":1,"name":"Accueil","item":"https:\/\/fabeon.fr\/en\/"},{"@type":"ListItem","position":2,"name":"Home"}]},{"@type":"WebSite","@id":"https:\/\/fabeon.fr\/en\/#website","url":"https:\/\/fabeon.fr\/en\/","name":"Fab\u00e9on","description":"Transformation num\u00e9rique de l\u2019impression","publisher":{"@id":"https:\/\/fabeon.fr\/en\/#organization"},"potentialAction":[{"@type":"SearchAction","target":{"@type":"EntryPoint","urlTemplate":"https:\/\/fabeon.fr\/en\/?s={search_term_string}"},"query-input":{"@type":"PropertyValueSpecification","valueRequired":true,"valueName":"search_term_string"}}],"inLanguage":"en-US"},{"@type":"Organization","@id":"https:\/\/fabeon.fr\/en\/#organization","name":"Fab\u00e9on","url":"https:\/\/fabeon.fr\/en\/","logo":{"@type":"ImageObject","inLanguage":"en-US","@id":"https:\/\/fabeon.fr\/en\/#\/schema\/logo\/image\/","url":"https:\/\/fabeon.fr\/wp-content\/uploads\/2023\/05\/Capture-decran-2023-05-19-a-13.40.50.png","contentUrl":"https:\/\/fabeon.fr\/wp-content\/uploads\/2023\/05\/Capture-decran-2023-05-19-a-13.40.50.png","width":626,"height":860,"caption":"Fab\u00e9on"},"image":{"@id":"https:\/\/fabeon.fr\/en\/#\/schema\/logo\/image\/"},"sameAs":["https:\/\/www.facebook.com\/Fabeon-100457082595804","https:\/\/www.linkedin.com\/company\/84497353\/"]}]}},"uagb_featured_image_src":{"full":false,"thumbnail":false,"medium":false,"medium_large":false,"large":false,"1536x1536":false,"2048x2048":false},"uagb_author_info":{"display_name":"Fab\u00e9on","author_link":"https:\/\/fabeon.fr\/en\/author\/adminfab\/"},"uagb_comment_info":0,"uagb_excerpt":"VOUS SOUHAITEZ VOUS FORMER CHEZ FAB\u00c9ON ? Formations impression num\u00e9rique (colorim\u00e9trie, labeling,&#8230;), impression 3D ou encore Intelligence Artificielle.En alternance ou pour vos salari\u00e9s, sur catalogue ou sur mesure. D\u00e9veloppez vos comp\u00e9tences et innovez d\u00e8s aujourd\u2019hui ! CONCRETISER VOTRE PROJET ? Du concept \u00e0 la concr\u00e9tisation, le Studio Fab\u00e9on accompagne vos projets innovants. Nous combinons conseil,&hellip;","_links":{"self":[{"href":"https:\/\/fabeon.fr\/en\/wp-json\/wp\/v2\/pages\/808","targetHints":{"allow":["GET"]}}],"collection":[{"href":"https:\/\/fabeon.fr\/en\/wp-json\/wp\/v2\/pages"}],"about":[{"href":"https:\/\/fabeon.fr\/en\/wp-json\/wp\/v2\/types\/page"}],"author":[{"embeddable":true,"href":"https:\/\/fabeon.fr\/en\/wp-json\/wp\/v2\/users\/1"}],"replies":[{"embeddable":true,"href":"https:\/\/fabeon.fr\/en\/wp-json\/wp\/v2\/comments?post=808"}],"version-history":[{"count":9,"href":"https:\/\/fabeon.fr\/en\/wp-json\/wp\/v2\/pages\/808\/revisions"}],"predecessor-version":[{"id":845,"href":"https:\/\/fabeon.fr\/en\/wp-json\/wp\/v2\/pages\/808\/revisions\/845"}],"wp:attachment":[{"href":"https:\/\/fabeon.fr\/en\/wp-json\/wp\/v2\/media?parent=808"}],"curies":[{"name":"wp","href":"https:\/\/api.w.org\/{rel}","templated":true}]}}